
{"id":366,"date":"2020-09-25T18:22:38","date_gmt":"2020-09-25T16:22:38","guid":{"rendered":"https:\/\/ginn-hotels.com\/?page_id=366"},"modified":"2026-04-02T17:26:54","modified_gmt":"2026-04-02T15:26:54","slug":"agb","status":"publish","type":"page","link":"https:\/\/ginn-hotels.com\/en\/agb\/","title":{"rendered":"GTC"},"content":{"rendered":"<div data-elementor-type=\"wp-page\" data-elementor-id=\"366\" class=\"elementor elementor-366\" data-elementor-post-type=\"page\">\n\t\t\t\t\t\t<section class=\"elementor-section elementor-inner-section elementor-element elementor-element-abc101f elementor-section-height-min-height elementor-section-content-bottom elementor-section-boxed elementor-section-height-default\" data-id=\"abc101f\" data-element_type=\"section\" data-settings=\"{&quot;background_background&quot;:&quot;slideshow&quot;,&quot;background_slideshow_gallery&quot;:[{&quot;id&quot;:708,&quot;url&quot;:&quot;https:\\\/\\\/ginn-hotels.com\\\/wp-content\\\/uploads\\\/2020\\\/09\\\/Slider-1920px-Titel2.jpg&quot;}],&quot;background_slideshow_slide_duration&quot;:5000,&quot;background_slideshow_slide_transition&quot;:&quot;fade&quot;,&quot;background_slideshow_transition_duration&quot;:500}\">\n\t\t\t\t\t\t<div class=\"elementor-container elementor-column-gap-default\">\n\t\t\t\t\t<div class=\"elementor-column elementor-col-100 elementor-inner-column elementor-element elementor-element-7cd3eb1e\" data-id=\"7cd3eb1e\" data-element_type=\"column\">\n\t\t\t<div class=\"elementor-widget-wrap elementor-element-populated\">\n\t\t\t\t\t\t<div class=\"elementor-element elementor-element-3247cd43 elementor-widget elementor-widget-spacer\" data-id=\"3247cd43\" data-element_type=\"widget\" data-widget_type=\"spacer.default\">\n\t\t\t\t<div class=\"elementor-widget-container\">\n\t\t\t\t\t\t\t<div class=\"elementor-spacer\">\n\t\t\t<div class=\"elementor-spacer-inner\"><\/div>\n\t\t<\/div>\n\t\t\t\t\t\t<\/div>\n\t\t\t\t<\/div>\n\t\t\t\t\t<\/div>\n\t\t<\/div>\n\t\t\t\t\t<\/div>\n\t\t<\/section>\n\t\t\t\t<section class=\"elementor-section elementor-top-section elementor-element elementor-element-635879e2 animated-slow elementor-section-full_width elementor-section-height-default elementor-section-height-default\" data-id=\"635879e2\" data-element_type=\"section\" data-settings=\"{&quot;background_background&quot;:&quot;classic&quot;,&quot;animation&quot;:&quot;none&quot;}\">\n\t\t\t\t\t\t\t<div class=\"elementor-background-overlay\"><\/div>\n\t\t\t\t\t\t\t<div class=\"elementor-container elementor-column-gap-default\">\n\t\t\t\t\t<div class=\"elementor-column elementor-col-100 elementor-top-column elementor-element elementor-element-27a63af0 animated-slow\" data-id=\"27a63af0\" data-element_type=\"column\" data-settings=\"{&quot;animation&quot;:&quot;none&quot;,&quot;background_background&quot;:&quot;classic&quot;}\">\n\t\t\t<div class=\"elementor-widget-wrap elementor-element-populated\">\n\t\t\t\t\t<div class=\"elementor-background-overlay\"><\/div>\n\t\t\t\t\t\t<div class=\"elementor-element elementor-element-7ec6b020 elementor-view-default elementor-widget elementor-widget-icon\" data-id=\"7ec6b020\" data-element_type=\"widget\" data-widget_type=\"icon.default\">\n\t\t\t\t<div class=\"elementor-widget-container\">\n\t\t\t\t\t\t\t<div class=\"elementor-icon-wrapper\">\n\t\t\t<div class=\"elementor-icon\">\n\t\t\t<i aria-hidden=\"true\" class=\"fas fa-book\"><\/i>\t\t\t<\/div>\n\t\t<\/div>\n\t\t\t\t\t\t<\/div>\n\t\t\t\t<\/div>\n\t\t\t\t<div class=\"elementor-element elementor-element-263ddccd elementor-widget elementor-widget-heading\" data-id=\"263ddccd\" data-element_type=\"widget\" data-widget_type=\"heading.default\">\n\t\t\t\t<div class=\"elementor-widget-container\">\n\t\t\t\t\t<h1 class=\"elementor-heading-title elementor-size-default\">ALLGEMEINE GESCH\u00c4FTSBEDINGUNGEN<\/h1>\t\t\t\t<\/div>\n\t\t\t\t<\/div>\n\t\t\t\t<div class=\"elementor-element elementor-element-7e51d9e2 elementor-widget elementor-widget-text-editor\" data-id=\"7e51d9e2\" data-element_type=\"widget\" data-widget_type=\"text-editor.default\">\n\t\t\t\t<div class=\"elementor-widget-container\">\n\t\t\t\t\t\t\t\t\t<div class=\"contentText\" style=\"text-align: center;\">Die folgenden AGB\u2019s gelten f\u00fcr den Hotelaufnahmevertrag, f\u00fcr die Nutzung des Parkplatzes, f\u00fcr Reisegruppen | Reiseveranstalter und f\u00fcr Veranstaltungen &amp; Events. Die Allgemeinen Gesch\u00e4ftsbedingungen gelten f\u00fcr alle, von der Angleterre Hotel GmbH &amp; Co. KG betreuten Hotels <span class=\"aCOpRe\">\u2013<\/span> GINN Hotel Hamburg Elbspeicher, GINN City &amp; Lounge Ravensburg, GINN City &amp; Lounge Yorck Berlin, GINN Apartments Stuttgart-Esslingen. Sowie von der GINN Hotelmanagement GmbH betreuten Hotels <span class=\"aCOpRe\">\u2013<\/span> GINN Hotel Berlin-Potsdam.<\/div>\t\t\t\t\t\t\t\t<\/div>\n\t\t\t\t<\/div>\n\t\t\t\t<div class=\"elementor-element elementor-element-42ca2704 elementor-align-center elementor-widget elementor-widget-button\" data-id=\"42ca2704\" data-element_type=\"widget\" data-widget_type=\"button.default\">\n\t\t\t\t<div class=\"elementor-widget-container\">\n\t\t\t\t\t\t\t\t\t<div class=\"elementor-button-wrapper\">\n\t\t\t\t\t<a class=\"elementor-button elementor-button-link elementor-size-sm\" href=\"https:\/\/ginn-hotels.com\/wp-content\/uploads\/2026\/04\/ztr_agb_deutsch_englisch_0426.pdf\">\n\t\t\t\t\t\t<span class=\"elementor-button-content-wrapper\">\n\t\t\t\t\t\t\t\t\t<span class=\"elementor-button-text\">More Information<\/span>\n\t\t\t\t\t<\/span>\n\t\t\t\t\t<\/a>\n\t\t\t\t<\/div>\n\t\t\t\t\t\t\t\t<\/div>\n\t\t\t\t<\/div>\n\t\t\t\t\t<\/div>\n\t\t<\/div>\n\t\t\t\t\t<\/div>\n\t\t<\/section>\n\t\t\t\t<\/div>","protected":false},"excerpt":{"rendered":"ALLGEMEINE GESCH\u00c4FTSBEDINGUNGEN Die folgenden AGB\u2019s gelten f\u00fcr den Hotelaufnahmevertrag, f\u00fcr die Nutzung des Parkplatzes, f\u00fcr Reisegruppen | Reiseveranstalter und f\u00fcr Veranstaltungen &amp; Events. Die Allgemeinen Gesch\u00e4ftsbedingungen gelten f\u00fcr alle, von der Angleterre Hotel GmbH &amp; Co. KG betreuten Hotels \u2013 GINN Hotel Hamburg Elbspeicher, GINN City &amp; Lounge Ravensburg, GINN City &amp; Lounge Yorck Berlin,&#8230; <a class=\"view-article\" href=\"https:\/\/ginn-hotels.com\/en\/agb\/\">View Article<\/a>","protected":false},"author":1,"featured_media":0,"parent":0,"menu_order":0,"comment_status":"closed","ping_status":"closed","template":"","meta":{"_acf_changed":false,"footnotes":""},"class_list":["post-366","page","type-page","status-publish","hentry"],"acf":[],"yoast_head":"<!-- This site is optimized with the Yoast SEO plugin v25.1 - https:\/\/yoast.com\/wordpress\/plugins\/seo\/ -->\n<title>AGB | GINN Hotels<\/title>\n<meta name=\"robots\" content=\"index, follow, max-snippet:-1, max-image-preview:large, max-video-preview:-1\" \/>\n<link rel=\"canonical\" href=\"https:\/\/ginn-hotels.com\/en\/agb\/\" \/>\n<meta property=\"og:locale\" content=\"en_GB\" \/>\n<meta property=\"og:type\" content=\"article\" \/>\n<meta property=\"og:title\" content=\"AGB | GINN Hotels\" \/>\n<meta property=\"og:description\" content=\"ALLGEMEINE GESCH\u00c4FTSBEDINGUNGEN Die folgenden AGB\u2019s gelten f\u00fcr den Hotelaufnahmevertrag, f\u00fcr die Nutzung des Parkplatzes, f\u00fcr Reisegruppen | Reiseveranstalter und f\u00fcr Veranstaltungen &amp; Events. Die Allgemeinen Gesch\u00e4ftsbedingungen gelten f\u00fcr alle, von der Angleterre Hotel GmbH &amp; Co. KG betreuten Hotels \u2013 GINN Hotel Hamburg Elbspeicher, GINN City &amp; Lounge Ravensburg, GINN City &amp; Lounge Yorck Berlin,... View Article\" \/>\n<meta property=\"og:url\" content=\"https:\/\/ginn-hotels.com\/en\/agb\/\" \/>\n<meta property=\"og:site_name\" content=\"GINN Hotels\" \/>\n<meta property=\"article:publisher\" content=\"https:\/\/www.facebook.com\/GINN.Hotels\" \/>\n<meta property=\"article:modified_time\" content=\"2026-04-02T15:26:54+00:00\" \/>\n<meta name=\"twitter:card\" content=\"summary_large_image\" \/>\n<meta name=\"twitter:label1\" content=\"Estimated reading time\" \/>\n\t<meta name=\"twitter:data1\" content=\"1 minute\" \/>\n<script type=\"application\/ld+json\" class=\"yoast-schema-graph\">{\"@context\":\"https:\/\/schema.org\",\"@graph\":[{\"@type\":\"WebPage\",\"@id\":\"https:\/\/ginn-hotels.com\/agb\/\",\"url\":\"https:\/\/ginn-hotels.com\/agb\/\",\"name\":\"AGB | GINN Hotels\",\"isPartOf\":{\"@id\":\"https:\/\/ginn-hotels.com\/#website\"},\"datePublished\":\"2020-09-25T16:22:38+00:00\",\"dateModified\":\"2026-04-02T15:26:54+00:00\",\"inLanguage\":\"en-GB\",\"potentialAction\":[{\"@type\":\"ReadAction\",\"target\":[\"https:\/\/ginn-hotels.com\/agb\/\"]}]},{\"@type\":\"WebSite\",\"@id\":\"https:\/\/ginn-hotels.com\/#website\",\"url\":\"https:\/\/ginn-hotels.com\/\",\"name\":\"GINN Hotels\",\"description\":\"GINN Hotels | GINN City &amp; Lounge | GINN Apartments | GINN Restaurant | GINN Bar\",\"publisher\":{\"@id\":\"https:\/\/ginn-hotels.com\/#organization\"},\"potentialAction\":[{\"@type\":\"SearchAction\",\"target\":{\"@type\":\"EntryPoint\",\"urlTemplate\":\"https:\/\/ginn-hotels.com\/?s={search_term_string}\"},\"query-input\":{\"@type\":\"PropertyValueSpecification\",\"valueRequired\":true,\"valueName\":\"search_term_string\"}}],\"inLanguage\":\"en-GB\"},{\"@type\":\"Organization\",\"@id\":\"https:\/\/ginn-hotels.com\/#organization\",\"name\":\"GINN Hotels\",\"url\":\"https:\/\/ginn-hotels.com\/\",\"logo\":{\"@type\":\"ImageObject\",\"inLanguage\":\"en-GB\",\"@id\":\"https:\/\/ginn-hotels.com\/#\/schema\/logo\/image\/\",\"url\":\"https:\/\/ginn-hotels.com\/wp-content\/uploads\/2020\/09\/ginn-hotels-main-logo-klein-2.jpg\",\"contentUrl\":\"https:\/\/ginn-hotels.com\/wp-content\/uploads\/2020\/09\/ginn-hotels-main-logo-klein-2.jpg\",\"width\":280,\"height\":400,\"caption\":\"GINN Hotels\"},\"image\":{\"@id\":\"https:\/\/ginn-hotels.com\/#\/schema\/logo\/image\/\"},\"sameAs\":[\"https:\/\/www.facebook.com\/GINN.Hotels\",\"https:\/\/www.instagram.com\/ginn.hotels\"]}]}<\/script>\n<!-- \/ Yoast SEO plugin. -->","yoast_head_json":{"title":"AGB | GINN Hotels","robots":{"index":"index","follow":"follow","max-snippet":"max-snippet:-1","max-image-preview":"max-image-preview:large","max-video-preview":"max-video-preview:-1"},"canonical":"https:\/\/ginn-hotels.com\/en\/agb\/","og_locale":"en_GB","og_type":"article","og_title":"AGB | GINN Hotels","og_description":"ALLGEMEINE GESCH\u00c4FTSBEDINGUNGEN Die folgenden AGB\u2019s gelten f\u00fcr den Hotelaufnahmevertrag, f\u00fcr die Nutzung des Parkplatzes, f\u00fcr Reisegruppen | Reiseveranstalter und f\u00fcr Veranstaltungen &amp; Events. Die Allgemeinen Gesch\u00e4ftsbedingungen gelten f\u00fcr alle, von der Angleterre Hotel GmbH &amp; Co. KG betreuten Hotels \u2013 GINN Hotel Hamburg Elbspeicher, GINN City &amp; Lounge Ravensburg, GINN City &amp; Lounge Yorck Berlin,... View Article","og_url":"https:\/\/ginn-hotels.com\/en\/agb\/","og_site_name":"GINN Hotels","article_publisher":"https:\/\/www.facebook.com\/GINN.Hotels","article_modified_time":"2026-04-02T15:26:54+00:00","twitter_card":"summary_large_image","twitter_misc":{"Estimated reading time":"1 minute"},"schema":{"@context":"https:\/\/schema.org","@graph":[{"@type":"WebPage","@id":"https:\/\/ginn-hotels.com\/agb\/","url":"https:\/\/ginn-hotels.com\/agb\/","name":"AGB | GINN Hotels","isPartOf":{"@id":"https:\/\/ginn-hotels.com\/#website"},"datePublished":"2020-09-25T16:22:38+00:00","dateModified":"2026-04-02T15:26:54+00:00","inLanguage":"en-GB","potentialAction":[{"@type":"ReadAction","target":["https:\/\/ginn-hotels.com\/agb\/"]}]},{"@type":"WebSite","@id":"https:\/\/ginn-hotels.com\/#website","url":"https:\/\/ginn-hotels.com\/","name":"GINN Hotels","description":"GINN Hotels | GINN City &amp; Lounge | GINN Apartments | GINN Restaurant | GINN Bar","publisher":{"@id":"https:\/\/ginn-hotels.com\/#organization"},"potentialAction":[{"@type":"SearchAction","target":{"@type":"EntryPoint","urlTemplate":"https:\/\/ginn-hotels.com\/?s={search_term_string}"},"query-input":{"@type":"PropertyValueSpecification","valueRequired":true,"valueName":"search_term_string"}}],"inLanguage":"en-GB"},{"@type":"Organization","@id":"https:\/\/ginn-hotels.com\/#organization","name":"GINN Hotels","url":"https:\/\/ginn-hotels.com\/","logo":{"@type":"ImageObject","inLanguage":"en-GB","@id":"https:\/\/ginn-hotels.com\/#\/schema\/logo\/image\/","url":"https:\/\/ginn-hotels.com\/wp-content\/uploads\/2020\/09\/ginn-hotels-main-logo-klein-2.jpg","contentUrl":"https:\/\/ginn-hotels.com\/wp-content\/uploads\/2020\/09\/ginn-hotels-main-logo-klein-2.jpg","width":280,"height":400,"caption":"GINN Hotels"},"image":{"@id":"https:\/\/ginn-hotels.com\/#\/schema\/logo\/image\/"},"sameAs":["https:\/\/www.facebook.com\/GINN.Hotels","https:\/\/www.instagram.com\/ginn.hotels"]}]}},"_links":{"self":[{"href":"https:\/\/ginn-hotels.com\/en\/wp-json\/wp\/v2\/pages\/366","targetHints":{"allow":["GET"]}}],"collection":[{"href":"https:\/\/ginn-hotels.com\/en\/wp-json\/wp\/v2\/pages"}],"about":[{"href":"https:\/\/ginn-hotels.com\/en\/wp-json\/wp\/v2\/types\/page"}],"author":[{"embeddable":true,"href":"https:\/\/ginn-hotels.com\/en\/wp-json\/wp\/v2\/users\/1"}],"replies":[{"embeddable":true,"href":"https:\/\/ginn-hotels.com\/en\/wp-json\/wp\/v2\/comments?post=366"}],"version-history":[{"count":16,"href":"https:\/\/ginn-hotels.com\/en\/wp-json\/wp\/v2\/pages\/366\/revisions"}],"predecessor-version":[{"id":18285,"href":"https:\/\/ginn-hotels.com\/en\/wp-json\/wp\/v2\/pages\/366\/revisions\/18285"}],"wp:attachment":[{"href":"https:\/\/ginn-hotels.com\/en\/wp-json\/wp\/v2\/media?parent=366"}],"curies":[{"name":"wp","href":"https:\/\/api.w.org\/{rel}","templated":true}]}}