
{"id":363,"date":"2020-09-25T18:20:57","date_gmt":"2020-09-25T16:20:57","guid":{"rendered":"https:\/\/ginn-hotels.com\/?page_id=363"},"modified":"2025-08-27T15:35:11","modified_gmt":"2025-08-27T13:35:11","slug":"impressum","status":"publish","type":"page","link":"https:\/\/ginn-hotels.com\/en\/impressum\/","title":{"rendered":"Imprint"},"content":{"rendered":"<div data-elementor-type=\"wp-page\" data-elementor-id=\"363\" class=\"elementor elementor-363\" data-elementor-post-type=\"page\">\n\t\t\t\t\t\t<section class=\"elementor-section elementor-top-section elementor-element elementor-element-8f607d0 elementor-section-full_width elementor-section-height-min-height elementor-section-height-default elementor-section-items-middle\" data-id=\"8f607d0\" data-element_type=\"section\" data-settings=\"{&quot;background_background&quot;:&quot;classic&quot;}\">\n\t\t\t\t\t\t<div class=\"elementor-container elementor-column-gap-no\">\n\t\t\t\t\t<div class=\"elementor-column elementor-col-100 elementor-top-column elementor-element elementor-element-a612eee\" data-id=\"a612eee\" data-element_type=\"column\">\n\t\t\t<div class=\"elementor-widget-wrap\">\n\t\t\t\t\t\t\t<\/div>\n\t\t<\/div>\n\t\t\t\t\t<\/div>\n\t\t<\/section>\n\t\t\t\t<section class=\"elementor-section elementor-top-section elementor-element elementor-element-5fda5ec elementor-section-full_width elementor-section-height-default elementor-section-height-default\" data-id=\"5fda5ec\" data-element_type=\"section\">\n\t\t\t\t\t\t<div class=\"elementor-container elementor-column-gap-no\">\n\t\t\t\t\t<div class=\"elementor-column elementor-col-100 elementor-top-column elementor-element elementor-element-727b1f6\" data-id=\"727b1f6\" data-element_type=\"column\">\n\t\t\t<div class=\"elementor-widget-wrap elementor-element-populated\">\n\t\t\t\t\t\t<div class=\"elementor-element elementor-element-5e64e0e elementor-widget elementor-widget-spacer\" data-id=\"5e64e0e\" data-element_type=\"widget\" data-widget_type=\"spacer.default\">\n\t\t\t\t<div class=\"elementor-widget-container\">\n\t\t\t\t\t\t\t<div class=\"elementor-spacer\">\n\t\t\t<div class=\"elementor-spacer-inner\"><\/div>\n\t\t<\/div>\n\t\t\t\t\t\t<\/div>\n\t\t\t\t<\/div>\n\t\t\t\t\t<\/div>\n\t\t<\/div>\n\t\t\t\t\t<\/div>\n\t\t<\/section>\n\t\t\t\t<section class=\"elementor-section elementor-top-section elementor-element elementor-element-b749ef9 elementor-section-boxed elementor-section-height-default elementor-section-height-default\" data-id=\"b749ef9\" data-element_type=\"section\">\n\t\t\t\t\t\t<div class=\"elementor-container elementor-column-gap-default\">\n\t\t\t\t\t<div class=\"elementor-column elementor-col-100 elementor-top-column elementor-element elementor-element-96f2220\" data-id=\"96f2220\" data-element_type=\"column\">\n\t\t\t<div class=\"elementor-widget-wrap elementor-element-populated\">\n\t\t\t\t\t\t<div class=\"elementor-element elementor-element-b467752 elementor-widget elementor-widget-heading\" data-id=\"b467752\" data-element_type=\"widget\" data-widget_type=\"heading.default\">\n\t\t\t\t<div class=\"elementor-widget-container\">\n\t\t\t\t\t<h2 class=\"elementor-heading-title elementor-size-default\">Imprint<\/h2>\t\t\t\t<\/div>\n\t\t\t\t<\/div>\n\t\t\t\t<div class=\"elementor-element elementor-element-4fe4951 elementor-widget-divider--view-line elementor-widget elementor-widget-divider\" data-id=\"4fe4951\" data-element_type=\"widget\" data-widget_type=\"divider.default\">\n\t\t\t\t<div class=\"elementor-widget-container\">\n\t\t\t\t\t\t\t<div class=\"elementor-divider\">\n\t\t\t<span class=\"elementor-divider-separator\">\n\t\t\t\t\t\t<\/span>\n\t\t<\/div>\n\t\t\t\t\t\t<\/div>\n\t\t\t\t<\/div>\n\t\t\t\t<div class=\"elementor-element elementor-element-986a997 elementor-widget elementor-widget-text-editor\" data-id=\"986a997\" data-element_type=\"widget\" data-widget_type=\"text-editor.default\">\n\t\t\t\t<div class=\"elementor-widget-container\">\n\t\t\t\t\t\t\t\t\t<div><div><p><strong>GINN Hotels Zentrale<\/strong><br \/>Warthestra\u00dfe 20<br \/>14513 Teltow<\/p><p>__<\/p><p><strong>GINN Hotel Hamburg Elbspeicher<\/strong><br \/>Gro\u00dfe Elbstr. 39<br \/>22767 Hamburg<\/p><p><strong>GINN City and Lounge Ravensburg<\/strong><br \/>Eisenbahnstr. 57<br \/>88212 Ravensburg<\/p><p><strong>GINN City and Lounge Yorck-Berlin<\/strong><br \/>M\u00f6ckernstr. 49<br \/>10963 Berlin<\/p><p><strong>GINN Apartments Stuttgart-Esslingen<\/strong><br \/>Martinstra\u00dfe 23<br \/>73728 Esslingen am Neckar<\/p><p style=\"text-align: left;\"><strong>Billing address:<\/strong><\/p><div style=\"text-align: left;\"><p><strong>Angleterre Hotel GmbH &amp; Co. KG<br \/>GINN Hotel<br \/><\/strong>M\u00f6ckernstra\u00dfe 49<br \/>10963 Berlin<\/p><p><strong>Represented by:<\/strong><br \/>Komplement\u00e4rin GI Hotelmanagement GmbH HRB 13074 CB<br \/>CEO Aleksej Leunov<\/p><p>Telefon:\u00a0 \u00a0 \u00a0 \u00a0 \u00a0 +49 30 34 34 73 120<br \/>E-Mail:\u00a0 \u00a0 \u00a0 \u00a0 \u00a0 \u00a0 <a href=\"mailto:info@ginn-hotels.com\" target=\"_hc|9bICLrfjSe5ehJrNHqprCp1K\" rel=\"noopener\">info@ginn-hotels.com<\/a><\/p><p><strong>Entry in the Commercial Register<\/strong><br \/>Register court: Charlottenburg Local Court<br \/>Registration number: HRA 35015 B<br \/>Sales tax ID: DE233967368<\/p><p>__<\/p><\/div><div style=\"text-align: left;\"><p><strong>GINN Hotel Berlin-Potsdam<\/strong><br \/>Warthestr. 20<br \/>14513 Teltow<\/p><p><strong>Billing address:<\/strong><\/p><p><strong>GINN Hotelmanagement GmbH<br \/>GINN Hotel Berlin Potsdam<br \/><\/strong>Lilienthalstr. 8<br \/>12529 Sch\u00f6nefeld<\/p><p>CEO Aleksej Leunov<\/p><p>Telefon:\u00a0 \u00a0 \u00a0 \u00a0 \u00a0 +49 30 34 34 73 120<br \/>E-Mail:\u00a0 \u00a0 \u00a0 \u00a0 \u00a0 \u00a0\u00a0<a href=\"mailto:info@ginn-hotels.com\">info@ginn-hotels.com<\/a><\/p><p><strong>Entry in the Commercial Register<\/strong><br \/>Register court: Local court Cottbus<br \/>Registernummer: HRB 14265 CB<br \/>Sales tax ID: DE327014931<\/p><p>__<\/p><\/div><div><p><strong>Disclaimer<\/strong><\/p><p>1. content of the online offer.<br \/>The author assumes no liability for the topicality, correctness, completeness or quality of the information provided. Liability claims against the author, which refer to material or immaterial nature caused by use or disuse of the information or the use of incorrect or incomplete information are excluded, unless the author is not intentional or grossly negligent fault. All offers are subject to change and non-binding. The author expressly reserves the right to change, supplement or delete parts of the pages or the entire offer without prior notice or to discontinue the publication temporarily or permanently.<\/p><p>2. References and links.<br \/>The author is not responsible for any contents linked or referred to from his pages - unless he has full knowledge of illegal contents and would be able to prevent the visitors of his site fromviewing those pages. The author therefore expressly declares that at the time the links were created, the corresponding linked pages were free of illegal content. The author has no influence on the current and future design and content of the linked pages. Therefore, he hereby expressly dissociates himself from all contents of all linked pages that were changed after the link was set. This statement applies to all links and references set within the author's own Internet offer as well as to external entries in guest books, discussion forums and mailing lists set up by the author. For illegal, incorrect or incomplete contents and especially for damages resulting from the use or non-use of such information, only the provider of the linked page is liable, not the one who has linked to the respective publication.<\/p><p>3. Copyright and trademark law.<br \/>The author endeavors to observe the copyrights of the graphics, sound documents, video sequences and texts used in all publications, to use graphics, sound documents, video sequences and texts created by himself or to use license-free graphics, sound documents, video sequences and texts. All brand names and trademarks mentioned on the website and possibly protected by third parties are subject without restriction to the provisions of the applicable trademark law and the ownership rights of the respective registered owners. The mere mention of a trademark does not imply that it is not protected by the rights of third parties! The copyright for published objects created by the author himself remains solely with the author of the pages. Any duplication or use of objects such as diagrams, sounds or texts in other electronic or printed publications is not permitted without the author's agreement.<\/p><p>4. Data protection.<br \/>If the opportunity for the input of personal or business data (email addresses, name, addresses) is given, the input of these data takes place voluntarily. The use and payment of all offered services are permitted - if and so far technically possible and reasonable - without specification of any personal data or under specification of anonymized data or an alias.<\/p><p>5. Legal force of this disclaimer.<br \/>This disclaimer is to be regarded as part of the internet publication which you were referred from. If sections or individual terms of this statement are not legal or correct, the content or validity of the other parts remain uninfluenced by this fact.<\/p><div>6. Mandatory information under Regulation (EU) No 524\/2013 of the European Parliament and of the Council:<br \/>Link to the homepage of the European Commission's Online Consumer Dispute Resolution service: http:\/\/ec.europa.eu\/consumers\/odr\/<\/div><\/div><\/div><\/div>\t\t\t\t\t\t\t\t<\/div>\n\t\t\t\t<\/div>\n\t\t\t\t\t<\/div>\n\t\t<\/div>\n\t\t\t\t\t<\/div>\n\t\t<\/section>\n\t\t\t\t<section class=\"elementor-section elementor-top-section elementor-element elementor-element-fac4ff1 elementor-section-full_width elementor-section-height-default elementor-section-height-default\" data-id=\"fac4ff1\" data-element_type=\"section\">\n\t\t\t\t\t\t<div class=\"elementor-container elementor-column-gap-no\">\n\t\t\t\t\t<div class=\"elementor-column elementor-col-100 elementor-top-column elementor-element elementor-element-ee47d3f\" data-id=\"ee47d3f\" data-element_type=\"column\">\n\t\t\t<div class=\"elementor-widget-wrap elementor-element-populated\">\n\t\t\t\t\t\t<div class=\"elementor-element elementor-element-45fa82a elementor-widget elementor-widget-spacer\" data-id=\"45fa82a\" data-element_type=\"widget\" data-widget_type=\"spacer.default\">\n\t\t\t\t<div class=\"elementor-widget-container\">\n\t\t\t\t\t\t\t<div class=\"elementor-spacer\">\n\t\t\t<div class=\"elementor-spacer-inner\"><\/div>\n\t\t<\/div>\n\t\t\t\t\t\t<\/div>\n\t\t\t\t<\/div>\n\t\t\t\t\t<\/div>\n\t\t<\/div>\n\t\t\t\t\t<\/div>\n\t\t<\/section>\n\t\t\t\t<\/div>","protected":false},"excerpt":{"rendered":"IMPRESSUM GINN Hotels ZentraleWarthestra\u00dfe 2014513 Teltow __ GINN Hotel Hamburg ElbspeicherGro\u00dfe Elbstr. 3922767 Hamburg GINN City and Lounge RavensburgEisenbahnstr. 5788212 Ravensburg GINN City and Lounge Yorck-BerlinM\u00f6ckernstr. 4910963 Berlin GINN Apartments Stuttgart-EsslingenMartinstra\u00dfe 2373728 Esslingen am Neckar Rechnungsadresse: Angleterre Hotel GmbH &amp; Co. KGGINN HotelM\u00f6ckernstra\u00dfe 4910963 Berlin Vertreten durch:Komplement\u00e4rin GI Hotelmanagement GmbH HRB 13074 CBGesch\u00e4ftsf\u00fchrer Aleksej Leunov&#8230; <a class=\"view-article\" href=\"https:\/\/ginn-hotels.com\/en\/impressum\/\">View Article<\/a>","protected":false},"author":1,"featured_media":0,"parent":0,"menu_order":0,"comment_status":"closed","ping_status":"closed","template":"","meta":{"_acf_changed":false,"footnotes":""},"class_list":["post-363","page","type-page","status-publish","hentry"],"acf":[],"yoast_head":"<!-- This site is optimized with the Yoast SEO plugin v25.1 - https:\/\/yoast.com\/wordpress\/plugins\/seo\/ -->\n<title>Impressum | GINN Hotels<\/title>\n<meta name=\"robots\" content=\"index, follow, max-snippet:-1, max-image-preview:large, max-video-preview:-1\" \/>\n<link rel=\"canonical\" href=\"https:\/\/ginn-hotels.com\/en\/impressum\/\" \/>\n<meta property=\"og:locale\" content=\"en_GB\" \/>\n<meta property=\"og:type\" content=\"article\" \/>\n<meta property=\"og:title\" content=\"Impressum | GINN Hotels\" \/>\n<meta property=\"og:description\" content=\"IMPRESSUM GINN Hotels ZentraleWarthestra\u00dfe 2014513 Teltow __ GINN Hotel Hamburg ElbspeicherGro\u00dfe Elbstr. 3922767 Hamburg GINN City and Lounge RavensburgEisenbahnstr. 5788212 Ravensburg GINN City and Lounge Yorck-BerlinM\u00f6ckernstr. 4910963 Berlin GINN Apartments Stuttgart-EsslingenMartinstra\u00dfe 2373728 Esslingen am Neckar Rechnungsadresse: Angleterre Hotel GmbH &amp; Co. KGGINN HotelM\u00f6ckernstra\u00dfe 4910963 Berlin Vertreten durch:Komplement\u00e4rin GI Hotelmanagement GmbH HRB 13074 CBGesch\u00e4ftsf\u00fchrer Aleksej Leunov... View Article\" \/>\n<meta property=\"og:url\" content=\"https:\/\/ginn-hotels.com\/en\/impressum\/\" \/>\n<meta property=\"og:site_name\" content=\"GINN Hotels\" \/>\n<meta property=\"article:publisher\" content=\"https:\/\/www.facebook.com\/GINN.Hotels\" \/>\n<meta property=\"article:modified_time\" content=\"2025-08-27T13:35:11+00:00\" \/>\n<meta name=\"twitter:card\" content=\"summary_large_image\" \/>\n<meta name=\"twitter:label1\" content=\"Estimated reading time\" \/>\n\t<meta name=\"twitter:data1\" content=\"4 minutes\" \/>\n<script type=\"application\/ld+json\" class=\"yoast-schema-graph\">{\"@context\":\"https:\/\/schema.org\",\"@graph\":[{\"@type\":\"WebPage\",\"@id\":\"https:\/\/ginn-hotels.com\/impressum\/\",\"url\":\"https:\/\/ginn-hotels.com\/impressum\/\",\"name\":\"Impressum | GINN Hotels\",\"isPartOf\":{\"@id\":\"https:\/\/ginn-hotels.com\/#website\"},\"datePublished\":\"2020-09-25T16:20:57+00:00\",\"dateModified\":\"2025-08-27T13:35:11+00:00\",\"inLanguage\":\"en-GB\",\"potentialAction\":[{\"@type\":\"ReadAction\",\"target\":[\"https:\/\/ginn-hotels.com\/impressum\/\"]}]},{\"@type\":\"WebSite\",\"@id\":\"https:\/\/ginn-hotels.com\/#website\",\"url\":\"https:\/\/ginn-hotels.com\/\",\"name\":\"GINN Hotels\",\"description\":\"GINN Hotels | GINN City &amp; Lounge | GINN Apartments | GINN Restaurant | GINN Bar\",\"publisher\":{\"@id\":\"https:\/\/ginn-hotels.com\/#organization\"},\"potentialAction\":[{\"@type\":\"SearchAction\",\"target\":{\"@type\":\"EntryPoint\",\"urlTemplate\":\"https:\/\/ginn-hotels.com\/?s={search_term_string}\"},\"query-input\":{\"@type\":\"PropertyValueSpecification\",\"valueRequired\":true,\"valueName\":\"search_term_string\"}}],\"inLanguage\":\"en-GB\"},{\"@type\":\"Organization\",\"@id\":\"https:\/\/ginn-hotels.com\/#organization\",\"name\":\"GINN Hotels\",\"url\":\"https:\/\/ginn-hotels.com\/\",\"logo\":{\"@type\":\"ImageObject\",\"inLanguage\":\"en-GB\",\"@id\":\"https:\/\/ginn-hotels.com\/#\/schema\/logo\/image\/\",\"url\":\"https:\/\/ginn-hotels.com\/wp-content\/uploads\/2020\/09\/ginn-hotels-main-logo-klein-2.jpg\",\"contentUrl\":\"https:\/\/ginn-hotels.com\/wp-content\/uploads\/2020\/09\/ginn-hotels-main-logo-klein-2.jpg\",\"width\":280,\"height\":400,\"caption\":\"GINN Hotels\"},\"image\":{\"@id\":\"https:\/\/ginn-hotels.com\/#\/schema\/logo\/image\/\"},\"sameAs\":[\"https:\/\/www.facebook.com\/GINN.Hotels\",\"https:\/\/www.instagram.com\/ginn.hotels\"]}]}<\/script>\n<!-- \/ Yoast SEO plugin. -->","yoast_head_json":{"title":"Impressum | GINN Hotels","robots":{"index":"index","follow":"follow","max-snippet":"max-snippet:-1","max-image-preview":"max-image-preview:large","max-video-preview":"max-video-preview:-1"},"canonical":"https:\/\/ginn-hotels.com\/en\/impressum\/","og_locale":"en_GB","og_type":"article","og_title":"Impressum | GINN Hotels","og_description":"IMPRESSUM GINN Hotels ZentraleWarthestra\u00dfe 2014513 Teltow __ GINN Hotel Hamburg ElbspeicherGro\u00dfe Elbstr. 3922767 Hamburg GINN City and Lounge RavensburgEisenbahnstr. 5788212 Ravensburg GINN City and Lounge Yorck-BerlinM\u00f6ckernstr. 4910963 Berlin GINN Apartments Stuttgart-EsslingenMartinstra\u00dfe 2373728 Esslingen am Neckar Rechnungsadresse: Angleterre Hotel GmbH &amp; Co. KGGINN HotelM\u00f6ckernstra\u00dfe 4910963 Berlin Vertreten durch:Komplement\u00e4rin GI Hotelmanagement GmbH HRB 13074 CBGesch\u00e4ftsf\u00fchrer Aleksej Leunov... View Article","og_url":"https:\/\/ginn-hotels.com\/en\/impressum\/","og_site_name":"GINN Hotels","article_publisher":"https:\/\/www.facebook.com\/GINN.Hotels","article_modified_time":"2025-08-27T13:35:11+00:00","twitter_card":"summary_large_image","twitter_misc":{"Estimated reading time":"4 minutes"},"schema":{"@context":"https:\/\/schema.org","@graph":[{"@type":"WebPage","@id":"https:\/\/ginn-hotels.com\/impressum\/","url":"https:\/\/ginn-hotels.com\/impressum\/","name":"Impressum | GINN Hotels","isPartOf":{"@id":"https:\/\/ginn-hotels.com\/#website"},"datePublished":"2020-09-25T16:20:57+00:00","dateModified":"2025-08-27T13:35:11+00:00","inLanguage":"en-GB","potentialAction":[{"@type":"ReadAction","target":["https:\/\/ginn-hotels.com\/impressum\/"]}]},{"@type":"WebSite","@id":"https:\/\/ginn-hotels.com\/#website","url":"https:\/\/ginn-hotels.com\/","name":"GINN Hotels","description":"GINN Hotels | GINN City &amp; Lounge | GINN Apartments | GINN Restaurant | GINN Bar","publisher":{"@id":"https:\/\/ginn-hotels.com\/#organization"},"potentialAction":[{"@type":"SearchAction","target":{"@type":"EntryPoint","urlTemplate":"https:\/\/ginn-hotels.com\/?s={search_term_string}"},"query-input":{"@type":"PropertyValueSpecification","valueRequired":true,"valueName":"search_term_string"}}],"inLanguage":"en-GB"},{"@type":"Organization","@id":"https:\/\/ginn-hotels.com\/#organization","name":"GINN Hotels","url":"https:\/\/ginn-hotels.com\/","logo":{"@type":"ImageObject","inLanguage":"en-GB","@id":"https:\/\/ginn-hotels.com\/#\/schema\/logo\/image\/","url":"https:\/\/ginn-hotels.com\/wp-content\/uploads\/2020\/09\/ginn-hotels-main-logo-klein-2.jpg","contentUrl":"https:\/\/ginn-hotels.com\/wp-content\/uploads\/2020\/09\/ginn-hotels-main-logo-klein-2.jpg","width":280,"height":400,"caption":"GINN Hotels"},"image":{"@id":"https:\/\/ginn-hotels.com\/#\/schema\/logo\/image\/"},"sameAs":["https:\/\/www.facebook.com\/GINN.Hotels","https:\/\/www.instagram.com\/ginn.hotels"]}]}},"_links":{"self":[{"href":"https:\/\/ginn-hotels.com\/en\/wp-json\/wp\/v2\/pages\/363","targetHints":{"allow":["GET"]}}],"collection":[{"href":"https:\/\/ginn-hotels.com\/en\/wp-json\/wp\/v2\/pages"}],"about":[{"href":"https:\/\/ginn-hotels.com\/en\/wp-json\/wp\/v2\/types\/page"}],"author":[{"embeddable":true,"href":"https:\/\/ginn-hotels.com\/en\/wp-json\/wp\/v2\/users\/1"}],"replies":[{"embeddable":true,"href":"https:\/\/ginn-hotels.com\/en\/wp-json\/wp\/v2\/comments?post=363"}],"version-history":[{"count":37,"href":"https:\/\/ginn-hotels.com\/en\/wp-json\/wp\/v2\/pages\/363\/revisions"}],"predecessor-version":[{"id":15842,"href":"https:\/\/ginn-hotels.com\/en\/wp-json\/wp\/v2\/pages\/363\/revisions\/15842"}],"wp:attachment":[{"href":"https:\/\/ginn-hotels.com\/en\/wp-json\/wp\/v2\/media?parent=363"}],"curies":[{"name":"wp","href":"https:\/\/api.w.org\/{rel}","templated":true}]}}